{"id":16,"date":"2015-12-02T18:56:40","date_gmt":"2015-12-02T18:56:40","guid":{"rendered":"http:\/\/biesiadaliteracka.pl\/?page_id=16"},"modified":"2021-10-23T07:14:20","modified_gmt":"2021-10-23T07:14:20","slug":"terminy","status":"publish","type":"page","link":"http:\/\/biesiadaliteracka.pl\/?page_id=16","title":{"rendered":"Terminy"},"content":{"rendered":"<p>2021<\/p>\n<ul>\n<li>26 stycznia 2020 g. 18:30 <span style=\"color: #ff0000;\">ODWO\u0141ANO<\/span><\/li>\n<li>23 lutego 2020 g. 18:30 <span style=\"color: #ff0000;\">ODWO\u0141ANO<\/span><\/li>\n<li>30 marca 2020 g. 18:30 <span style=\"color: #ff0000;\">ODWO\u0141ANO<\/span><\/li>\n<li>27 kwietnia 2020 g. 18:30 <span style=\"color: #ff0000;\">ODWO\u0141ANO<\/span><\/li>\n<li>25 maja 2020 g. 18:30 <span style=\"color: #ff0000;\">ODWO\u0141ANO<\/span><\/li>\n<li>30 czerwca 2020 g. 18:30<\/li>\n<li>5 pa\u017adziernika 2020 g. 18:30<\/li>\n<li>26 pa\u017adziernika 2020 g. 18:30<\/li>\n<li>23 listopada 2020 g. 18:30<\/li>\n<li>21 grudnia 2020 g. 18:30<\/li>\n<\/ul>\n<p>2020<\/p>\n<ul>\n<li>28 stycznia 2020 g. 18:30<\/li>\n<li>25 lutego 2020 g. 18:30<\/li>\n<li>31 marca 2020 g. 18:30 <span style=\"color: #ff0000;\">ODWO\u0141ANO<\/span><\/li>\n<li>28 kwietnia 2020 g. 18:30 <span style=\"color: #ff0000;\">ODWO\u0141ANO<\/span><\/li>\n<li>26 maja 2020 g. 18:30 <span style=\"color: #ff0000;\">ODWO\u0141ANO<\/span><\/li>\n<li>30 czerwca 2020 g. 18:30 <span style=\"color: #ff0000;\">ODWO\u0141ANO<\/span><\/li>\n<li>22 wrze\u015bnia 2020 g. 18:30 <span style=\"color: #ff0000;\">ODWO\u0141ANO<\/span><\/li>\n<li>27 pa\u017adziernika 2020 g. 18:30 <span style=\"color: #ff0000;\">ODWO\u0141ANO<\/span><\/li>\n<li>24 listopada 2020 g. 18:30 <span style=\"color: #ff0000;\">ODWO\u0141ANO<\/span><\/li>\n<li>22 grudnia\u00a0 2020 g. 18:30 <span style=\"color: #ff0000;\">ODWO\u0141ANO<\/span><\/li>\n<\/ul>\n<p>2019<\/p>\n<ul>\n<li>29 stycznia 2019 g. 18:30<\/li>\n<li>26 lutego 2019 g. 18:30<\/li>\n<li>26 marca 2019 g. 18:30<\/li>\n<li>7 maja 2019 g. 18:30<\/li>\n<li>25 maja 2019 g. 18:30<\/li>\n<li>25 czerwca 2019 g. 18:30<\/li>\n<li>24 wrze\u015bnia 2019 g. 18:30<\/li>\n<li>29 pa\u017adziernika 2019 g. 18:30<\/li>\n<li>26 listopada 2019 g. 18:30<\/li>\n<li>17 grudnia 2019 g. 18:30<\/li>\n<\/ul>\n<p>2018<\/p>\n<ul>\n<li>30 stycznia 2018 g. 18:30<\/li>\n<li>27 lutego\u00a02018 g. 18:30<\/li>\n<li>27 marca\u00a02018 g. 18:30<\/li>\n<li>24 kwietnia\u00a02018 g. 18:30<\/li>\n<li>29 maja\u00a02018 g. 18:30<\/li>\n<li>26 czerwca\u00a02018 g. 18:30<\/li>\n<li>25 wrze\u015bnia\u00a02018 g. 18:30<\/li>\n<li>30 pa\u017adziernika\u00a02018 g. 18:30<\/li>\n<li>27 listopada\u00a02018 g. 18:30<\/li>\n<li>18 grudnia\u00a02018 g. 18:30<\/li>\n<\/ul>\n<p>2017<\/p>\n<ul>\n<li>31 stycznia 2017 g. 18:30<\/li>\n<li>28 lutego\u00a02017 g. 18:30<\/li>\n<li>28\u00a0marca\u00a02017 g. 18:30<\/li>\n<li>25\u00a0kwietnia\u00a02017 g. 18:30<\/li>\n<li>30 maja\u00a02017 g. 18:30<\/li>\n<li>27\u00a0czerwca\u00a02017 g. 18:30<\/li>\n<li>26\u00a0wrze\u015bnia\u00a02017 g. 18:30<\/li>\n<li>28\u00a0listopada\u00a02017 g. 18:30<\/li>\n<li>12\u00a0grudnia\u00a02017 g. 18:30<\/li>\n<\/ul>\n<p>2016<\/p>\n<ul>\n<li>21 stycznia 2016 g. 18:30<\/li>\n<li>18\u00a0lutego 2016 g. 18:30<\/li>\n<li>25 marca 2016 g. 18:3o<\/li>\n<li>21 kwietnia 2016\u00a0g. 18:3o<\/li>\n<li>23 czerwca\u00a02016\u00a0g. 18:3o<\/li>\n<li>20 pa\u017adziernika 2016\u00a0g. 18:3o<\/li>\n<li>17 listopada 2016\u00a0g. 18:3o<\/li>\n<li>15\u00a0grudnia 2016\u00a0g. 18:3o<\/li>\n<\/ul>\n","protected":false},"excerpt":{"rendered":"<p>2021 26 stycznia 2020 g. 18:30 ODWO\u0141ANO 23 lutego 2020 g. 18:30 ODWO\u0141ANO 30 marca 2020 g. 18:30 ODWO\u0141ANO 27 kwietnia 2020 g. 18:30 ODWO\u0141ANO 25 maja 2020 g. 18:30 ODWO\u0141ANO 30 czerwca 2020 g. 18:30 5 pa\u017adziernika 2020 g. 18:30 26 pa\u017adziernika 2020 g. 18:30 23 listopada 2020 g. 18:30 21 grudnia 2020 g. <a href=\"http:\/\/biesiadaliteracka.pl\/?page_id=16\" class=\"more-link\">[&hellip;]<\/a><\/p>\n","protected":false},"author":1,"featured_media":0,"parent":0,"menu_order":3,"comment_status":"closed","ping_status":"closed","template":"","meta":{"footnotes":""},"class_list":["entry","page","publish","author-admin","post-16"],"_links":{"self":[{"href":"http:\/\/biesiadaliteracka.pl\/index.php?rest_route=\/wp\/v2\/pages\/16","targetHints":{"allow":["GET"]}}],"collection":[{"href":"http:\/\/biesiadaliteracka.pl\/index.php?rest_route=\/wp\/v2\/pages"}],"about":[{"href":"http:\/\/biesiadaliteracka.pl\/index.php?rest_route=\/wp\/v2\/types\/page"}],"author":[{"embeddable":true,"href":"http:\/\/biesiadaliteracka.pl\/index.php?rest_route=\/wp\/v2\/users\/1"}],"replies":[{"embeddable":true,"href":"http:\/\/biesiadaliteracka.pl\/index.php?rest_route=%2Fwp%2Fv2%2Fcomments&post=16"}],"version-history":[{"count":19,"href":"http:\/\/biesiadaliteracka.pl\/index.php?rest_route=\/wp\/v2\/pages\/16\/revisions"}],"predecessor-version":[{"id":1827,"href":"http:\/\/biesiadaliteracka.pl\/index.php?rest_route=\/wp\/v2\/pages\/16\/revisions\/1827"}],"wp:attachment":[{"href":"http:\/\/biesiadaliteracka.pl\/index.php?rest_route=%2Fwp%2Fv2%2Fmedia&parent=16"}],"curies":[{"name":"wp","href":"https:\/\/api.w.org\/{rel}","templated":true}]}}